{"id":91,"date":"2013-07-28T21:46:32","date_gmt":"2013-07-28T19:46:32","guid":{"rendered":"http:\/\/perseus.bupnet.de\/?page_id=91"},"modified":"2018-05-24T10:24:38","modified_gmt":"2018-05-24T08:24:38","slug":"impressum","status":"publish","type":"page","link":"https:\/\/perseus.bupnet.de\/?page_id=91","title":{"rendered":"Impressum"},"content":{"rendered":"<p>BUPNET \u2013 Bildung und Projekt Netzwerk GmbH<br \/>\nAm Leinekanal 4<br \/>\nD-37073 G\u00f6ttingen<\/p>\n<p>Telefon: 0551 54707-0<br \/>\nTelefax: 0551 54707-17<br \/>\nE-Mail: info@bupnet.de<\/p>\n<p>Vertretungsberechtigter: Klaus-Peter M\u00fcller<br \/>\nAmtsregister: Amtsgericht G\u00f6ttingen, HRB 2717<br \/>\nUmsatzsteuer-ID: DE184256088<\/p>\n<p>Verantwortlich f\u00fcr den Inhalt nach \u00a755 Abs. 2 RStV:<br \/>\nKlaus-Peter M\u00fcller<br \/>\nBUPNET \u2013 Bildung und Projekt Netzwerk GmbH<br \/>\nAm Leinekanal 4<br \/>\nD-37073 G\u00f6ttingen<\/p>\n<p>Haftungsausschluss<br \/>\nWir haben die Inhalte unserer Webseite nach bestem Wissen und Gewissen erstellt. Wir bitten um Verst\u00e4ndnis, dass wir dennoch keine Garantie daf\u00fcr \u00fcbernehmen, dass die bereitgestellten Informationen in jedem Fall vollst\u00e4ndig, richtig und aktuell sind.<br \/>\nTrotz vorheriger inhaltlicher Pr\u00fcfung \u00fcbernehmen wir auch keine Haftung f\u00fcr die Inhalte externer Webseiten, die \u00fcber Hyperlinks zur Nutzung bereitgestellt werden. Bei diesen Seiten handelt es sich um fremde Angebote, f\u00fcr deren Inhalte ausschlie\u00dflich deren Betreiber verantwortlich sind. Sollten Ihnen Rechtsverst\u00f6\u00dfe oder sonstige unangemessene Inhalte auf einer verlinkten Seite auffallen, bitten wir um einen entsprechenden Hinweis, damit wir den Link l\u00f6schen k\u00f6nnen.<\/p>\n","protected":false},"excerpt":{"rendered":"<p>BUPNET \u2013 Bildung und Projekt Netzwerk GmbH Am Leinekanal 4 D-37073 G\u00f6ttingen Telefon: 0551 54707-0 Telefax: 0551 54707-17 E-Mail: info@bupnet.de Vertretungsberechtigter: Klaus-Peter M\u00fcller Amtsregister: Amtsgericht G\u00f6ttingen, HRB 2717 Umsatzsteuer-ID: DE184256088 Verantwortlich f\u00fcr den Inhalt nach \u00a755 Abs. 2 RStV: Klaus-Peter &hellip; <a href=\"https:\/\/perseus.bupnet.de\/?page_id=91\">Weiterlesen <span class=\"meta-nav\">&rarr;<\/span><\/a><\/p>\n","protected":false},"author":1,"featured_media":0,"parent":0,"menu_order":6,"comment_status":"closed","ping_status":"closed","template":"","meta":{"footnotes":""},"class_list":["post-91","page","type-page","status-publish","hentry"],"_links":{"self":[{"href":"https:\/\/perseus.bupnet.de\/index.php?rest_route=\/wp\/v2\/pages\/91","targetHints":{"allow":["GET"]}}],"collection":[{"href":"https:\/\/perseus.bupnet.de\/index.php?rest_route=\/wp\/v2\/pages"}],"about":[{"href":"https:\/\/perseus.bupnet.de\/index.php?rest_route=\/wp\/v2\/types\/page"}],"author":[{"embeddable":true,"href":"https:\/\/perseus.bupnet.de\/index.php?rest_route=\/wp\/v2\/users\/1"}],"replies":[{"embeddable":true,"href":"https:\/\/perseus.bupnet.de\/index.php?rest_route=%2Fwp%2Fv2%2Fcomments&post=91"}],"version-history":[{"count":6,"href":"https:\/\/perseus.bupnet.de\/index.php?rest_route=\/wp\/v2\/pages\/91\/revisions"}],"predecessor-version":[{"id":367,"href":"https:\/\/perseus.bupnet.de\/index.php?rest_route=\/wp\/v2\/pages\/91\/revisions\/367"}],"wp:attachment":[{"href":"https:\/\/perseus.bupnet.de\/index.php?rest_route=%2Fwp%2Fv2%2Fmedia&parent=91"}],"curies":[{"name":"wp","href":"https:\/\/api.w.org\/{rel}","templated":true}]}}