{"id":74,"date":"2013-07-28T11:17:36","date_gmt":"2013-07-28T09:17:36","guid":{"rendered":"http:\/\/perseus.bupnet.de\/?page_id=74"},"modified":"2014-04-08T11:33:00","modified_gmt":"2014-04-08T09:33:00","slug":"links-zu-mehr-informationen","status":"publish","type":"page","link":"https:\/\/perseus.bupnet.de\/?page_id=74","title":{"rendered":"Links"},"content":{"rendered":"<p><em><strong><a href=\"http:\/\/perseus.bupnet.de\/?page_id=159\">(&gt;&gt; ENLACES en espa\u00f1ol)<\/a><\/strong><\/em><\/p>\n<p>Kontakte und Informationen f\u00fcr Arbeitskr\u00e4fte und solche, die es werden wollen zu Leben und Arbeiten in Hessen (auch auf Spanisch verf\u00fcgbar):<br \/>\n<a href=\"http:\/\/www.work-in-hessen.de\/\">http:\/\/www.work-in-hessen.de\/<\/a><\/p>\n<p>Informationsportal der Bundesregierung (BMAS, BMWi, Agentur f\u00fcr Arbeit) zu Ausbildung, Leben und Arbeit in Deutschland:<br \/>\n<a href=\"http:\/\/www.make-it-in-germany.com\/\">http:\/\/www.make-it-in-germany.com\/<\/a><\/p>\n<p>Startseite der Agentur f\u00fcr Arbeit rund um das Thema Ausbildung in Deutschland<br \/>\n<a href=\"http:\/\/www.thejobofmylife.de\/de\/\">http:\/\/www.thejobofmylife.de\/de\/<\/a><\/p>\n<p><a href=\"http:\/\/www.foerderdatenbank.de\/Foerder-DB\/Navigation\/Foerderrecherche\/suche.html?get=4aa561e46fff16fb87d819d09c769842;views;document&amp;doc=11828&amp;typ=KU\">MobiPro-EU: <\/a>F\u00f6rderung der beruflichen Mobilit\u00e4t von ausbildungsinteressierten Jugendlichen und arbeitslosen jungen Fachkr\u00e4ften aus Europa (MobiPro-EU),<br \/>\nUnterst\u00fctzung f\u00fcr ausl\u00e4ndische Ausbildungsinteressent\/innen und Fachkr\u00e4fte durch Vorbereitungskurse, Reisekosten, Unterst\u00fctzung beim Lebensunterhalt, Betreuung w\u00e4hrend der Ausbildung etc. (\u00dcbersicht in der F\u00f6rderdatenbank des BMWi)<\/p>\n<p>Seite des Regionalmanagements Nordhessen insbesondere mit aktuellen <b>Job<\/b>angeboten, aber auch Investorenservices, Infos zu Natur, Freizeit, Kultur und dem Leben in der Mitte Deutschlands (auch auf auf spanisch verf\u00fcgbar).<br \/>\n<a href=\"http:\/\/www.die-lage-ist-gut.de\">http:\/\/www.die-lage-ist-gut.de<\/a><\/p>\n<p><a class=\"moz-txt-link-freetext\" href=\"http:\/\/www.kassel.de\/\">http:\/\/www.kassel.de\/<\/a> Startseite der Stadt Kassel u.a. Informationen zu \u201eKultur und Tourismus&#8220;, \u201eWirtschaft und Umwelt&#8220; und \u201eBildung und Soziales&#8220; (auch auf spanisch verf\u00fcgbar)<\/p>\n<p><a class=\"moz-txt-link-freetext\" href=\"http:\/\/www.wfg-kassel.de\/\">http:\/\/www.wfg-kassel.de\/<\/a> Startseite der Wirtschaftsf\u00f6rderung der Region Kassel<\/p>\n<p><a class=\"moz-txt-link-freetext\" href=\"http:\/\/www.landkreis-kassel.de\/\">http:\/\/www.landkreis-kassel.de\/<\/a> Seite des Landkreises Kassel, u.a. Informationen zu Politik, Jugend und Bildung sowie Wirtschaft<\/p>\n<p><a class=\"moz-txt-link-freetext\" href=\"http:\/\/www.nordhessen-erleben.de\/\">http:\/\/www.nordhessen-erleben.de\/<\/a> pr\u00e4sentiert touristische Angebote und Attraktionen<\/p>\n<p><a class=\"moz-txt-link-freetext\" href=\"http:\/\/de.wikipedia.org\/wiki\/Nordhessen\">http:\/\/de.wikipedia.org\/wiki\/Nordhessen<\/a> Wikipediaartikel mit Fakten u.a. zu Geographie, Geschichte, Wirtschaft, Infrastruktur und Politik (spanische Kurzversion verf\u00fcgbar <a class=\"moz-txt-link-freetext\" href=\"http:\/\/es.wikipedia.org\/wiki\/Regi%C3%B3n_de_Kassel\">http:\/\/es.wikipedia.org\/wiki\/Regi%C3%B3n_de_Kassel<\/a>)<\/p>\n<p><a class=\"moz-txt-link-freetext\" href=\"http:\/\/www.regionnordhessen.de\/\">http:\/\/www.regionnordhessen.de\/<\/a> Seite des Regionalmanagements Nordhessen mit Informationen zur Wirtschaft und interessanten Daten f\u00fcr Investoren<\/p>\n<p><a class=\"moz-txt-link-freetext\" href=\"http:\/\/www.nordhessen-gesundheit.de\/\">http:\/\/www.nordhessen-gesundheit.de\/<\/a> Startseite der Gesundheitsregion Nordhessen mit Informationen zu Gesundheitsprojekten der Region<\/p>\n<p><a class=\"moz-txt-link-freetext\" href=\"http:\/\/nordhessen.dgb.de\/\">http:\/\/nordhessen.dgb.de\/<\/a> Seite des Gewerkschaftsdachverbandes \u201eDeutscher Gewerkschaftsbund Nordhessen&#8220; zu gewerkschaftlichen Aktivit\u00e4ten<\/p>\n<p>&nbsp;<\/p>\n<p>&nbsp;<\/p>\n","protected":false},"excerpt":{"rendered":"<p>(&gt;&gt; ENLACES en espa\u00f1ol) Kontakte und Informationen f\u00fcr Arbeitskr\u00e4fte und solche, die es werden wollen zu Leben und Arbeiten in Hessen (auch auf Spanisch verf\u00fcgbar): http:\/\/www.work-in-hessen.de\/ Informationsportal der Bundesregierung (BMAS, BMWi, Agentur f\u00fcr Arbeit) zu Ausbildung, Leben und Arbeit in &hellip; <a href=\"https:\/\/perseus.bupnet.de\/?page_id=74\">Weiterlesen <span class=\"meta-nav\">&rarr;<\/span><\/a><\/p>\n","protected":false},"author":1,"featured_media":0,"parent":0,"menu_order":4,"comment_status":"closed","ping_status":"closed","template":"","meta":{"footnotes":""},"class_list":["post-74","page","type-page","status-publish","hentry"],"_links":{"self":[{"href":"https:\/\/perseus.bupnet.de\/index.php?rest_route=\/wp\/v2\/pages\/74","targetHints":{"allow":["GET"]}}],"collection":[{"href":"https:\/\/perseus.bupnet.de\/index.php?rest_route=\/wp\/v2\/pages"}],"about":[{"href":"https:\/\/perseus.bupnet.de\/index.php?rest_route=\/wp\/v2\/types\/page"}],"author":[{"embeddable":true,"href":"https:\/\/perseus.bupnet.de\/index.php?rest_route=\/wp\/v2\/users\/1"}],"replies":[{"embeddable":true,"href":"https:\/\/perseus.bupnet.de\/index.php?rest_route=%2Fwp%2Fv2%2Fcomments&post=74"}],"version-history":[{"count":19,"href":"https:\/\/perseus.bupnet.de\/index.php?rest_route=\/wp\/v2\/pages\/74\/revisions"}],"predecessor-version":[{"id":138,"href":"https:\/\/perseus.bupnet.de\/index.php?rest_route=\/wp\/v2\/pages\/74\/revisions\/138"}],"wp:attachment":[{"href":"https:\/\/perseus.bupnet.de\/index.php?rest_route=%2Fwp%2Fv2%2Fmedia&parent=74"}],"curies":[{"name":"wp","href":"https:\/\/api.w.org\/{rel}","templated":true}]}}