{"id":13,"date":"2013-07-25T23:04:19","date_gmt":"2013-07-25T21:04:19","guid":{"rendered":"http:\/\/perseus.bupnet.de\/?page_id=13"},"modified":"2013-08-22T11:21:07","modified_gmt":"2013-08-22T09:21:07","slug":"bupnet","status":"publish","type":"page","link":"https:\/\/perseus.bupnet.de\/?page_id=13","title":{"rendered":"BUPNET"},"content":{"rendered":"<p>Die BUPNET GmbH f\u00fchrt seit mehr als 25 Jahren Bildungsprojekte durch.<\/p>\n<p>Eines unserer Arbeitsfelder ist die Entwicklung von Qualifizierungsprojekten f\u00fcr Arbeitsuchende verschiedener Zielgruppen wie junge Erwachsene, 50+, Frauen, Hochschulabsolvent\/innen u.a. zu unterschiedlichen Themen.<\/p>\n<p>Weiterhin f\u00fchren wir berufsbegleitende Fortbildungen f\u00fcr Mitarbeiter\/innen von \u00fcberwiegend kleinen und mittelst\u00e4ndischen Unternehmen durch:<br \/>\nSchwerpunkte sind neben dem Gesundheitsbereich (z.B. Qualit\u00e4tsmanagement,\u00a0 Palliative Care, Gesundheitspr\u00e4vention, Gepr\u00fcfte\/r Fachwirt\/in im Gesundheits- und Sozialwesen) sowohl Neue Medien (z.B. Social Media) als auch Personalentwicklung (F\u00fchrungskr\u00e4ftetrainings, Teamentwicklung) und Vorbereitungslehrg\u00e4nge f\u00fcr IHK-Abschl\u00fcsse (z.B. Wirtschaftsfachwirt\/in, Betriebswirt\/in).<\/p>\n<p>Dar\u00fcber hinaus arbeiten wir seit vielen Jahren in <a href=\"http:\/\/bup-net.de\/category\/projekte\/euinternational\/\">europ\u00e4ischen transnationalen Projekten<\/a> mit Partnerorganisationen aus der gesamten Europ\u00e4ischen Union.<br \/>\n<em>F\u00fcr die internationalen Projekte und transnationalen Kooperationen besuchen Sie bitte <a title=\"Bupnet EU-Department\" href=\"http:\/\/www.bupnet.eu\/\" target=\"_blank\">bupnet.eu <\/a>(englischsprachig).<\/em><\/p>\n<p>Zus\u00e4tzlich bieten wir unseren Kund\/innen im Rahmen der Projekte Planungs- und Beratungsdienstleistungen an, bspw. zur Personalentwicklung oder Projektmanagement.<\/p>\n<p>Die BUPNET GmbH verf\u00fcgt \u00fcber ein ausgedehntes Netzwerk von Kooperationspartnern (z.B. Kammern und Verb\u00e4nde, Universit\u00e4ten, Kommunen und andere Bildungstr\u00e4ger).<\/p>\n<p>Mehr auf unseren Webseiten:\u00a0 <a href=\"http:\/\/www.bupnet.de\">www.bupnet.de<\/a><\/p>\n<p>Wir sind sowohl ISO- als auch AZAV-zertifiziert.<\/p>\n<div>\n<table>\n<tbody>\n<tr>\n<td><img decoding=\"async\" alt=\"AZAV Cert\" src=\"http:\/\/bup-net.de\/wp-content\/uploads\/azwvcert.gif\" \/><\/td>\n<td><img decoding=\"async\" alt=\"ISO 9000 Cert\" src=\"http:\/\/bup-net.de\/wp-content\/uploads\/isocert.gif\" \/><\/td>\n<\/tr>\n<\/tbody>\n<\/table>\n<p>&nbsp;<\/p>\n<p>&nbsp;<\/p>\n<\/div>\n","protected":false},"excerpt":{"rendered":"<p>Die BUPNET GmbH f\u00fchrt seit mehr als 25 Jahren Bildungsprojekte durch. Eines unserer Arbeitsfelder ist die Entwicklung von Qualifizierungsprojekten f\u00fcr Arbeitsuchende verschiedener Zielgruppen wie junge Erwachsene, 50+, Frauen, Hochschulabsolvent\/innen u.a. zu unterschiedlichen Themen. Weiterhin f\u00fchren wir berufsbegleitende Fortbildungen f\u00fcr Mitarbeiter\/innen &hellip; <a href=\"https:\/\/perseus.bupnet.de\/?page_id=13\">Weiterlesen <span class=\"meta-nav\">&rarr;<\/span><\/a><\/p>\n","protected":false},"author":1,"featured_media":0,"parent":0,"menu_order":2,"comment_status":"closed","ping_status":"closed","template":"","meta":{"footnotes":""},"class_list":["post-13","page","type-page","status-publish","hentry"],"_links":{"self":[{"href":"https:\/\/perseus.bupnet.de\/index.php?rest_route=\/wp\/v2\/pages\/13","targetHints":{"allow":["GET"]}}],"collection":[{"href":"https:\/\/perseus.bupnet.de\/index.php?rest_route=\/wp\/v2\/pages"}],"about":[{"href":"https:\/\/perseus.bupnet.de\/index.php?rest_route=\/wp\/v2\/types\/page"}],"author":[{"embeddable":true,"href":"https:\/\/perseus.bupnet.de\/index.php?rest_route=\/wp\/v2\/users\/1"}],"replies":[{"embeddable":true,"href":"https:\/\/perseus.bupnet.de\/index.php?rest_route=%2Fwp%2Fv2%2Fcomments&post=13"}],"version-history":[{"count":39,"href":"https:\/\/perseus.bupnet.de\/index.php?rest_route=\/wp\/v2\/pages\/13\/revisions"}],"predecessor-version":[{"id":153,"href":"https:\/\/perseus.bupnet.de\/index.php?rest_route=\/wp\/v2\/pages\/13\/revisions\/153"}],"wp:attachment":[{"href":"https:\/\/perseus.bupnet.de\/index.php?rest_route=%2Fwp%2Fv2%2Fmedia&parent=13"}],"curies":[{"name":"wp","href":"https:\/\/api.w.org\/{rel}","templated":true}]}}